{"id":2,"date":"2016-05-10T03:48:21","date_gmt":"2016-05-10T03:48:21","guid":{"rendered":"http:\/\/bumeranguepe.com.br\/?page_id=2"},"modified":"2022-04-22T14:58:43","modified_gmt":"2022-04-22T14:58:43","slug":"sample-page","status":"publish","type":"page","link":"http:\/\/bumeranguepe.com.br\/","title":{"rendered":"Sem t\u00edtulo"},"content":{"rendered":"\n<figure class=\"wp-block-image size-large\"><img decoding=\"async\" loading=\"lazy\" width=\"1024\" height=\"528\" src=\"http:\/\/bumeranguepe.com.br\/wp-content\/uploads\/2022\/04\/cropped-logo-bumerangue-producoes-1024x528.jpg\" alt=\"\" class=\"wp-image-6\" srcset=\"http:\/\/bumeranguepe.com.br\/wp-content\/uploads\/2022\/04\/cropped-logo-bumerangue-producoes-1024x528.jpg 1024w, http:\/\/bumeranguepe.com.br\/wp-content\/uploads\/2022\/04\/cropped-logo-bumerangue-producoes-300x155.jpg 300w, http:\/\/bumeranguepe.com.br\/wp-content\/uploads\/2022\/04\/cropped-logo-bumerangue-producoes-768x396.jpg 768w, http:\/\/bumeranguepe.com.br\/wp-content\/uploads\/2022\/04\/cropped-logo-bumerangue-producoes-1536x792.jpg 1536w, http:\/\/bumeranguepe.com.br\/wp-content\/uploads\/2022\/04\/cropped-logo-bumerangue-producoes-2048x1056.jpg 2048w, http:\/\/bumeranguepe.com.br\/wp-content\/uploads\/2022\/04\/cropped-logo-bumerangue-producoes-1568x809.jpg 1568w\" sizes=\"(max-width: 1024px) 100vw, 1024px\" \/><figcaption>Pagina em Constru\u00e7\u00e3o<br>Fale conosco atrav\u00e9s do e-mail:<br>atendimento@bumeranguepe.com.br<br>Nosso endere\u00e7o:<br>Rua Gumercindo de Freitas, n\u00ba 29, Bloco 2, Sala 1404<\/figcaption><\/figure>\n","protected":false},"excerpt":{"rendered":"","protected":false},"author":1,"featured_media":0,"parent":0,"menu_order":0,"comment_status":"closed","ping_status":"open","template":"","meta":[],"_links":{"self":[{"href":"http:\/\/bumeranguepe.com.br\/index.php?rest_route=\/wp\/v2\/pages\/2"}],"collection":[{"href":"http:\/\/bumeranguepe.com.br\/index.php?rest_route=\/wp\/v2\/pages"}],"about":[{"href":"http:\/\/bumeranguepe.com.br\/index.php?rest_route=\/wp\/v2\/types\/page"}],"author":[{"embeddable":true,"href":"http:\/\/bumeranguepe.com.br\/index.php?rest_route=\/wp\/v2\/users\/1"}],"replies":[{"embeddable":true,"href":"http:\/\/bumeranguepe.com.br\/index.php?rest_route=%2Fwp%2Fv2%2Fcomments&post=2"}],"version-history":[{"count":6,"href":"http:\/\/bumeranguepe.com.br\/index.php?rest_route=\/wp\/v2\/pages\/2\/revisions"}],"predecessor-version":[{"id":51,"href":"http:\/\/bumeranguepe.com.br\/index.php?rest_route=\/wp\/v2\/pages\/2\/revisions\/51"}],"wp:attachment":[{"href":"http:\/\/bumeranguepe.com.br\/index.php?rest_route=%2Fwp%2Fv2%2Fmedia&parent=2"}],"curies":[{"name":"wp","href":"https:\/\/api.w.org\/{rel}","templated":true}]}}